{"id":257,"date":"2020-06-24T17:49:38","date_gmt":"2020-06-24T15:49:38","guid":{"rendered":"https:\/\/www.clinicadelcarmenmurcia.com\/web\/?page_id=257"},"modified":"2020-06-24T18:06:19","modified_gmt":"2020-06-24T16:06:19","slug":"consejos-para-conducir","status":"publish","type":"page","link":"https:\/\/www.clinicadelcarmenmurcia.com\/web\/consejos-para-conducir\/","title":{"rendered":"Consejos para conducir"},"content":{"rendered":"\t\t<div data-elementor-type=\"wp-page\" data-elementor-id=\"257\" class=\"elementor elementor-257\">\n\t\t\t\t\t\t<section class=\"elementor-section elementor-top-section elementor-element elementor-element-3664a82 elementor-section-boxed elementor-section-height-default elementor-section-height-default\" data-id=\"3664a82\" data-element_type=\"section\" data-e-type=\"section\">\n\t\t\t\t\t\t<div class=\"elementor-container elementor-column-gap-default\">\n\t\t\t\t\t<div class=\"elementor-column elementor-col-100 elementor-top-column elementor-element elementor-element-99c2231\" data-id=\"99c2231\" data-element_type=\"column\" data-e-type=\"column\">\n\t\t\t<div class=\"elementor-widget-wrap elementor-element-populated\">\n\t\t\t\t\t\t<div class=\"elementor-element elementor-element-ccbe55f elementor-widget elementor-widget-heading\" data-id=\"ccbe55f\" data-element_type=\"widget\" data-e-type=\"widget\" data-widget_type=\"heading.default\">\n\t\t\t\t<div class=\"elementor-widget-container\">\n\t\t\t\t\t<h1 class=\"elementor-heading-title elementor-size-default\">Consejos para conducir<\/h1>\t\t\t\t<\/div>\n\t\t\t\t<\/div>\n\t\t\t\t\t<\/div>\n\t\t<\/div>\n\t\t\t\t\t<\/div>\n\t\t<\/section>\n\t\t\t\t<section class=\"elementor-section elementor-top-section elementor-element elementor-element-ddb60b2 elementor-section-boxed elementor-section-height-default elementor-section-height-default\" data-id=\"ddb60b2\" data-element_type=\"section\" data-e-type=\"section\">\n\t\t\t\t\t\t<div class=\"elementor-container elementor-column-gap-default\">\n\t\t\t\t\t<div class=\"elementor-column elementor-col-100 elementor-top-column elementor-element elementor-element-2d73333\" data-id=\"2d73333\" data-element_type=\"column\" data-e-type=\"column\">\n\t\t\t<div class=\"elementor-widget-wrap elementor-element-populated\">\n\t\t\t\t\t\t<div class=\"elementor-element elementor-element-03990e7 elementor-widget elementor-widget-text-editor\" data-id=\"03990e7\" data-element_type=\"widget\" data-e-type=\"widget\" data-widget_type=\"text-editor.default\">\n\t\t\t\t<div class=\"elementor-widget-container\">\n\t\t\t\t\t\t\t\t\t<ul style=\"margin-top: 20px; margin-bottom: 20px; list-style: circle; caret-color: #404248; color: #404248; font-family: Graphik, -apple-system, BlinkMacSystemFont, 'Segoe UI', Helvetica, Arial, sans-serif;\"><li style=\"margin-top: 10px;\">No consuma bebidas alcoh\u00f3licas si va a conducir. Los efectos del alcohol en m\u00e1s de 47% de los conductores fallecidos y en el 30% de los lesionados graves.<\/li><li style=\"margin-top: 10px;\">Evite conducir con el volumen de la radio\/m\u00fasica elevado, ya que dificultar\u00e1 la percepci\u00f3n de sonidos emitidos, tanto del propio veh\u00edculo como los procedentes del exterior.<\/li><li style=\"margin-top: 10px;\">Si padece un proceso agudo que ocasione molestias, dolor, fiebre, etc,\u2026, y no puede evitar conducir, incremente la distancia de seguridad; no sobrepase el l\u00edmite de velocidad y descanse tras periodos m\u00e1ximos de 1 hora.<\/li><li style=\"margin-top: 10px;\">Conduzca siempre despu\u00e9s de un descanso adecuado y evite la conducci\u00f3n nocturna.<\/li><li style=\"margin-top: 10px;\">Si necesita correcciones, adaptaciones y\/o restricciones para conducir, \u00e9stas figurar\u00e1n en el reverso de su permiso\/licencia mediante c\u00f3digos de n\u00fameros y letras. Algunos ejemplos: 01 (uso de gafas o lentillas), 02 (pr\u00f3tesis auditiva), 05.04 (conducci\u00f3n con limitaci\u00f3n de velocidad), entre otros.<\/li><li style=\"margin-top: 10px;\">Conduzca con calzado c\u00f3modo y flexible y plano y procure llevar el pie bien sujeto. Utilice ropa transpirable.<\/li><li style=\"margin-top: 10px;\">Guarde siempre la distancia de seguridad. La mejor f\u00f3rmula es dividir por dos la velocidad a la que circulamos.<\/li><li style=\"margin-top: 10px;\">Por ejemplo si vamos a 100 Km\/h debemos dejar 50 mts. con el veh\u00edculo precedente.<\/li><li style=\"margin-top: 10px;\">Recuerde, siempre, que el alcohol y la velocidad son los peores enemigos del conductor, por m\u00e1s sofisticado y seguro que sea el veh\u00edculo que conduce.<\/li><\/ul>\t\t\t\t\t\t\t\t<\/div>\n\t\t\t\t<\/div>\n\t\t\t\t\t<\/div>\n\t\t<\/div>\n\t\t\t\t\t<\/div>\n\t\t<\/section>\n\t\t\t\t<section class=\"elementor-section elementor-top-section elementor-element elementor-element-a1ddd5d elementor-section-full_width elementor-section-height-default elementor-section-height-default\" data-id=\"a1ddd5d\" data-element_type=\"section\" data-e-type=\"section\" data-settings=\"{&quot;background_background&quot;:&quot;classic&quot;}\">\n\t\t\t\t\t\t<div class=\"elementor-container elementor-column-gap-no\">\n\t\t\t\t\t<div class=\"elementor-column elementor-col-100 elementor-top-column elementor-element elementor-element-5f991c8\" data-id=\"5f991c8\" data-element_type=\"column\" data-e-type=\"column\">\n\t\t\t<div class=\"elementor-widget-wrap elementor-element-populated\">\n\t\t\t\t\t\t<section class=\"elementor-section elementor-inner-section elementor-element elementor-element-95208a6 elementor-section-boxed elementor-section-height-default elementor-section-height-default\" data-id=\"95208a6\" data-element_type=\"section\" data-e-type=\"section\">\n\t\t\t\t\t\t<div class=\"elementor-container elementor-column-gap-default\">\n\t\t\t\t\t<div class=\"elementor-column elementor-col-33 elementor-inner-column elementor-element elementor-element-7c688c3\" data-id=\"7c688c3\" data-element_type=\"column\" data-e-type=\"column\">\n\t\t\t<div class=\"elementor-widget-wrap elementor-element-populated\">\n\t\t\t\t\t\t<div class=\"elementor-element elementor-element-2b4b68e elementor-widget elementor-widget-heading\" data-id=\"2b4b68e\" data-element_type=\"widget\" data-e-type=\"widget\" data-widget_type=\"heading.default\">\n\t\t\t\t<div class=\"elementor-widget-container\">\n\t\t\t\t\t<h3 class=\"elementor-heading-title elementor-size-default\">cl\u00ednica de conductores<\/h3>\t\t\t\t<\/div>\n\t\t\t\t<\/div>\n\t\t\t\t<div class=\"elementor-element elementor-element-a4bbc0c elementor-widget elementor-widget-text-editor\" data-id=\"a4bbc0c\" data-element_type=\"widget\" data-e-type=\"widget\" data-widget_type=\"text-editor.default\">\n\t\t\t\t<div class=\"elementor-widget-container\">\n\t\t\t\t\t\t\t\t\tAUTORIZADO POR LA JEFATURA PROVINCIAL DE TR\u00c1FICO CON REGISTRO <strong>MU-0072<\/strong> Y POR LA CONSEJER\u00cdA DE SANIDAD Y CONSUMO CON REGISTRO <strong>3940003<\/strong>.\n<br>\nCalle Torre de Romo, 8; 1\u00baA\n30002 Murcia.\t\t\t\t\t\t\t\t<\/div>\n\t\t\t\t<\/div>\n\t\t\t\t\t<\/div>\n\t\t<\/div>\n\t\t\t\t<div class=\"elementor-column elementor-col-33 elementor-inner-column elementor-element elementor-element-aea1118\" data-id=\"aea1118\" data-element_type=\"column\" data-e-type=\"column\">\n\t\t\t<div class=\"elementor-widget-wrap elementor-element-populated\">\n\t\t\t\t\t\t<div class=\"elementor-element elementor-element-c49954e elementor-widget elementor-widget-heading\" data-id=\"c49954e\" data-element_type=\"widget\" data-e-type=\"widget\" data-widget_type=\"heading.default\">\n\t\t\t\t<div class=\"elementor-widget-container\">\n\t\t\t\t\t<h3 class=\"elementor-heading-title elementor-size-default\">Enlaces<\/h3>\t\t\t\t<\/div>\n\t\t\t\t<\/div>\n\t\t\t\t<div class=\"elementor-element elementor-element-3451162 elementor-widget elementor-widget-heading\" data-id=\"3451162\" data-element_type=\"widget\" data-e-type=\"widget\" data-widget_type=\"heading.default\">\n\t\t\t\t<div class=\"elementor-widget-container\">\n\t\t\t\t\t<span class=\"elementor-heading-title elementor-size-default\"><a href=\"https:\/\/www.clinicadelcarmenmurcia.com\/web\/informacion-legal\/\">Informaci\u00f3n legal<\/a><\/span>\t\t\t\t<\/div>\n\t\t\t\t<\/div>\n\t\t\t\t<div class=\"elementor-element elementor-element-e610f93 elementor-widget-divider--view-line elementor-widget elementor-widget-divider\" data-id=\"e610f93\" data-element_type=\"widget\" data-e-type=\"widget\" data-widget_type=\"divider.default\">\n\t\t\t\t<div class=\"elementor-widget-container\">\n\t\t\t\t\t\t\t<div class=\"elementor-divider\">\n\t\t\t<span class=\"elementor-divider-separator\">\n\t\t\t\t\t\t<\/span>\n\t\t<\/div>\n\t\t\t\t\t\t<\/div>\n\t\t\t\t<\/div>\n\t\t\t\t<div class=\"elementor-element elementor-element-a3b0cfa elementor-widget elementor-widget-heading\" data-id=\"a3b0cfa\" data-element_type=\"widget\" data-e-type=\"widget\" data-widget_type=\"heading.default\">\n\t\t\t\t<div class=\"elementor-widget-container\">\n\t\t\t\t\t<span class=\"elementor-heading-title elementor-size-default\"><a href=\"https:\/\/www.clinicadelcarmenmurcia.com\/web\/cookies\/\">Cookies<\/a><\/span>\t\t\t\t<\/div>\n\t\t\t\t<\/div>\n\t\t\t\t<div class=\"elementor-element elementor-element-3b63d19 elementor-widget-divider--view-line elementor-widget elementor-widget-divider\" data-id=\"3b63d19\" data-element_type=\"widget\" data-e-type=\"widget\" data-widget_type=\"divider.default\">\n\t\t\t\t<div class=\"elementor-widget-container\">\n\t\t\t\t\t\t\t<div class=\"elementor-divider\">\n\t\t\t<span class=\"elementor-divider-separator\">\n\t\t\t\t\t\t<\/span>\n\t\t<\/div>\n\t\t\t\t\t\t<\/div>\n\t\t\t\t<\/div>\n\t\t\t\t<div class=\"elementor-element elementor-element-cd588d7 elementor-widget elementor-widget-heading\" data-id=\"cd588d7\" data-element_type=\"widget\" data-e-type=\"widget\" data-widget_type=\"heading.default\">\n\t\t\t\t<div class=\"elementor-widget-container\">\n\t\t\t\t\t<span class=\"elementor-heading-title elementor-size-default\"><a href=\"https:\/\/www.clinicadelcarmenmurcia.com\/web\/politica-privacidad\/\">Privacidad<\/a><\/span>\t\t\t\t<\/div>\n\t\t\t\t<\/div>\n\t\t\t\t<div class=\"elementor-element elementor-element-4edc95e elementor-widget-divider--view-line elementor-widget elementor-widget-divider\" data-id=\"4edc95e\" data-element_type=\"widget\" data-e-type=\"widget\" data-widget_type=\"divider.default\">\n\t\t\t\t<div class=\"elementor-widget-container\">\n\t\t\t\t\t\t\t<div class=\"elementor-divider\">\n\t\t\t<span class=\"elementor-divider-separator\">\n\t\t\t\t\t\t<\/span>\n\t\t<\/div>\n\t\t\t\t\t\t<\/div>\n\t\t\t\t<\/div>\n\t\t\t\t\t<\/div>\n\t\t<\/div>\n\t\t\t\t<div class=\"elementor-column elementor-col-33 elementor-inner-column elementor-element elementor-element-c0e5665\" data-id=\"c0e5665\" data-element_type=\"column\" data-e-type=\"column\">\n\t\t\t<div class=\"elementor-widget-wrap elementor-element-populated\">\n\t\t\t\t\t\t<div class=\"elementor-element elementor-element-f1b8b87 elementor-widget elementor-widget-heading\" data-id=\"f1b8b87\" data-element_type=\"widget\" data-e-type=\"widget\" data-widget_type=\"heading.default\">\n\t\t\t\t<div class=\"elementor-widget-container\">\n\t\t\t\t\t<span class=\"elementor-heading-title elementor-size-default\"><a href=\"https:\/\/www.clinicadelcarmenmurcia.com\/web\/#book-appointment\">Contacta con nosotros<\/a><\/span>\t\t\t\t<\/div>\n\t\t\t\t<\/div>\n\t\t\t\t<div class=\"elementor-element elementor-element-16543bd elementor-widget elementor-widget-image\" data-id=\"16543bd\" data-element_type=\"widget\" data-e-type=\"widget\" data-widget_type=\"image.default\">\n\t\t\t\t<div class=\"elementor-widget-container\">\n\t\t\t\t\t\t\t\t\t\t\t\t\t\t\t<img decoding=\"async\" width=\"81\" height=\"100\" src=\"https:\/\/www.clinicadelcarmenmurcia.com\/web\/wp-content\/uploads\/2020\/06\/logo.jpg\" class=\"attachment-full size-full wp-image-216\" alt=\"\" \/>\t\t\t\t\t\t\t\t\t\t\t\t\t\t\t<\/div>\n\t\t\t\t<\/div>\n\t\t\t\t\t<\/div>\n\t\t<\/div>\n\t\t\t\t\t<\/div>\n\t\t<\/section>\n\t\t\t\t<div class=\"elementor-element elementor-element-6b03f7b elementor-view-default elementor-widget elementor-widget-icon\" data-id=\"6b03f7b\" data-element_type=\"widget\" data-e-type=\"widget\" data-widget_type=\"icon.default\">\n\t\t\t\t<div class=\"elementor-widget-container\">\n\t\t\t\t\t\t\t<div class=\"elementor-icon-wrapper\">\n\t\t\t<a class=\"elementor-icon\" href=\"https:\/\/www.facebook.com\/clinica.delcarmenmurcia\" target=\"_blank\">\n\t\t\t<i aria-hidden=\"true\" class=\"fab fa-facebook\"><\/i>\t\t\t<\/a>\n\t\t<\/div>\n\t\t\t\t\t\t<\/div>\n\t\t\t\t<\/div>\n\t\t\t\t\t<\/div>\n\t\t<\/div>\n\t\t\t\t\t<\/div>\n\t\t<\/section>\n\t\t\t\t<\/div>\n\t\t","protected":false},"excerpt":{"rendered":"<p>Consejos para conducir No consuma bebidas alcoh\u00f3licas si va a conducir. Los efectos del alcohol en m\u00e1s de 47% de los conductores fallecidos y en el 30% de los lesionados graves. Evite conducir con el volumen de la radio\/m\u00fasica elevado, ya que dificultar\u00e1 la percepci\u00f3n de sonidos emitidos, tanto del propio veh\u00edculo como los procedentes&hellip;&nbsp;<a href=\"https:\/\/www.clinicadelcarmenmurcia.com\/web\/consejos-para-conducir\/\" rel=\"bookmark\">Leer m\u00e1s &raquo;<span class=\"screen-reader-text\">Consejos para conducir<\/span><\/a><\/p>\n","protected":false},"author":1,"featured_media":0,"parent":0,"menu_order":0,"comment_status":"closed","ping_status":"closed","template":"page-templates\/template-pagebuilder-full-width.php","meta":{"neve_meta_sidebar":"full-width","neve_meta_container":"","neve_meta_enable_content_width":"on","neve_meta_content_width":100,"neve_meta_title_alignment":"","neve_meta_author_avatar":"","neve_post_elements_order":"","neve_meta_disable_header":"","neve_meta_disable_footer":"","neve_meta_disable_title":"","neve_meta_reading_time":"","footnotes":""},"class_list":["post-257","page","type-page","status-publish","hentry"],"jetpack_sharing_enabled":true,"_links":{"self":[{"href":"https:\/\/www.clinicadelcarmenmurcia.com\/web\/wp-json\/wp\/v2\/pages\/257","targetHints":{"allow":["GET"]}}],"collection":[{"href":"https:\/\/www.clinicadelcarmenmurcia.com\/web\/wp-json\/wp\/v2\/pages"}],"about":[{"href":"https:\/\/www.clinicadelcarmenmurcia.com\/web\/wp-json\/wp\/v2\/types\/page"}],"author":[{"embeddable":true,"href":"https:\/\/www.clinicadelcarmenmurcia.com\/web\/wp-json\/wp\/v2\/users\/1"}],"replies":[{"embeddable":true,"href":"https:\/\/www.clinicadelcarmenmurcia.com\/web\/wp-json\/wp\/v2\/comments?post=257"}],"version-history":[{"count":6,"href":"https:\/\/www.clinicadelcarmenmurcia.com\/web\/wp-json\/wp\/v2\/pages\/257\/revisions"}],"predecessor-version":[{"id":277,"href":"https:\/\/www.clinicadelcarmenmurcia.com\/web\/wp-json\/wp\/v2\/pages\/257\/revisions\/277"}],"wp:attachment":[{"href":"https:\/\/www.clinicadelcarmenmurcia.com\/web\/wp-json\/wp\/v2\/media?parent=257"}],"curies":[{"name":"wp","href":"https:\/\/api.w.org\/{rel}","templated":true}]}}